{"id":40,"date":"2020-03-30T17:59:07","date_gmt":"2020-03-30T15:59:07","guid":{"rendered":"http:\/\/www.parenthese.net\/?page_id=40"},"modified":"2020-06-21T19:30:02","modified_gmt":"2020-06-21T17:30:02","slug":"print","status":"publish","type":"page","link":"https:\/\/www.parenthese.net\/index.php\/print\/","title":{"rendered":"Print"},"content":{"rendered":"<p>[et_pb_section fb_built=\u00a0\u00bb1&Prime; _builder_version=\u00a0\u00bb4.4.2&Prime; background_image=\u00a0\u00bbhttps:\/\/www.parenthese.net\/wp-content\/uploads\/2020\/03\/header3.jpg\u00a0\u00bb custom_padding=\u00a0\u00bb406px||4px|||\u00a0\u00bb hover_enabled=\u00a0\u00bb0&Prime;][\/et_pb_section][et_pb_section fb_built=\u00a0\u00bb1&Prime; _builder_version=\u00a0\u00bb3.22.7&Prime; custom_padding=\u00a0\u00bb9px||75px|||\u00a0\u00bb][et_pb_row _builder_version=\u00a0\u00bb3.25&Prime;][et_pb_column type=\u00a0\u00bb4_4&Prime; _builder_version=\u00a0\u00bb3.25&Prime; custom_padding=\u00a0\u00bb|||\u00a0\u00bb custom_padding__hover=\u00a0\u00bb|||\u00a0\u00bb][et_pb_text _builder_version=\u00a0\u00bb4.4.2&Prime;]<\/p>\n<p style=\"text-align: center;\">Nous r\u00e9alisons r\u00e9guli\u00e8rement diff\u00e9rents documents dans divers secteurs d&rsquo;activit\u00e9.<br \/> <span>De la conception \u00e0 la r\u00e9alisation d&rsquo;un logo, d&rsquo;une brochure &#8230;<\/span><\/p>\n<p>[\/et_pb_text][\/et_pb_column][\/et_pb_row][et_pb_row column_structure=\u00a0\u00bb1_3,1_3,1_3&Prime; _builder_version=\u00a0\u00bb3.25&Prime;][et_pb_column type=\u00a0\u00bb1_3&Prime; _builder_version=\u00a0\u00bb3.25&Prime; custom_padding=\u00a0\u00bb|||\u00a0\u00bb custom_padding__hover=\u00a0\u00bb|||\u00a0\u00bb][et_pb_blurb use_icon=\u00a0\u00bbon\u00a0\u00bb font_icon=\u00a0\u00bb%%74%%\u00a0\u00bb icon_color=\u00a0\u00bb#ed9873&Prime; use_icon_font_size=\u00a0\u00bbon\u00a0\u00bb icon_font_size=\u00a0\u00bb60px\u00a0\u00bb _builder_version=\u00a0\u00bb3.22.7&Prime; header_font=\u00a0\u00bbMontserrat|on|||\u00a0\u00bb header_text_color=\u00a0\u00bb#353740&Prime; header_font_size=\u00a0\u00bb22px\u00a0\u00bb header_line_height=\u00a0\u00bb1.4em\u00a0\u00bb body_font=\u00a0\u00bbMontserrat||||\u00a0\u00bb body_text_color=\u00a0\u00bb#747d88&Prime; body_font_size=\u00a0\u00bb16px\u00a0\u00bb body_line_height=\u00a0\u00bb1.8em\u00a0\u00bb text_orientation=\u00a0\u00bbcenter\u00a0\u00bb custom_padding=\u00a0\u00bb30px|30px|30px|30px\u00a0\u00bb animation_style=\u00a0\u00bbzoom\u00a0\u00bb border_width_all=\u00a0\u00bb0px\u00a0\u00bb border_color_all=\u00a0\u00bb#dddddd\u00a0\u00bb border_style_all=\u00a0\u00bbsolid\u00a0\u00bb use_border_color=\u00a0\u00bbon\u00a0\u00bb border_color=\u00a0\u00bb#dddddd\u00a0\u00bb]<\/p>\n<p><span>Logo<br \/> Picto<br \/>Carte de visite<br \/>Menu<br \/> <\/span><\/p>\n<p>[\/et_pb_blurb][\/et_pb_column][et_pb_column type=\u00a0\u00bb1_3&Prime; _builder_version=\u00a0\u00bb3.25&Prime; custom_padding=\u00a0\u00bb|||\u00a0\u00bb custom_padding__hover=\u00a0\u00bb|||\u00a0\u00bb][et_pb_blurb use_icon=\u00a0\u00bbon\u00a0\u00bb font_icon=\u00a0\u00bb%%124%%\u00a0\u00bb icon_color=\u00a0\u00bb#4d8784&Prime; use_icon_font_size=\u00a0\u00bbon\u00a0\u00bb icon_font_size=\u00a0\u00bb60px\u00a0\u00bb _builder_version=\u00a0\u00bb3.22.7&Prime; header_font=\u00a0\u00bbMontserrat|on|||\u00a0\u00bb header_text_color=\u00a0\u00bb#353740&Prime; header_font_size=\u00a0\u00bb22px\u00a0\u00bb header_line_height=\u00a0\u00bb1.4em\u00a0\u00bb body_font=\u00a0\u00bbMontserrat||||\u00a0\u00bb body_text_color=\u00a0\u00bb#747d88&Prime; body_font_size=\u00a0\u00bb16px\u00a0\u00bb body_line_height=\u00a0\u00bb1.8em\u00a0\u00bb text_orientation=\u00a0\u00bbcenter\u00a0\u00bb custom_padding=\u00a0\u00bb30px|30px|30px|30px\u00a0\u00bb animation_style=\u00a0\u00bbzoom\u00a0\u00bb border_width_all=\u00a0\u00bb0px\u00a0\u00bb border_color_all=\u00a0\u00bb#dddddd\u00a0\u00bb border_style_all=\u00a0\u00bbsolid\u00a0\u00bb use_border_color=\u00a0\u00bbon\u00a0\u00bb border_color=\u00a0\u00bb#dddddd\u00a0\u00bb]<\/p>\n<p><span>Flyer<br \/> D\u00e9pliant<br \/> Affiche<br \/> Pochette<br \/> Programme<br \/> Pocket programme<br \/> <\/span><\/p>\n<p>[\/et_pb_blurb][\/et_pb_column][et_pb_column type=\u00a0\u00bb1_3&Prime; _builder_version=\u00a0\u00bb3.25&Prime; custom_padding=\u00a0\u00bb|||\u00a0\u00bb custom_padding__hover=\u00a0\u00bb|||\u00a0\u00bb][et_pb_blurb use_icon=\u00a0\u00bbon\u00a0\u00bb font_icon=\u00a0\u00bb%%111%%\u00a0\u00bb icon_color=\u00a0\u00bb#ed9873&Prime; use_icon_font_size=\u00a0\u00bbon\u00a0\u00bb icon_font_size=\u00a0\u00bb60px\u00a0\u00bb _builder_version=\u00a0\u00bb3.22.7&Prime; header_font=\u00a0\u00bbMontserrat|on|||\u00a0\u00bb header_text_color=\u00a0\u00bb#353740&Prime; header_font_size=\u00a0\u00bb22px\u00a0\u00bb header_line_height=\u00a0\u00bb1.4em\u00a0\u00bb body_font=\u00a0\u00bbMontserrat||||\u00a0\u00bb body_text_color=\u00a0\u00bb#747d88&Prime; body_font_size=\u00a0\u00bb16px\u00a0\u00bb body_line_height=\u00a0\u00bb1.8em\u00a0\u00bb text_orientation=\u00a0\u00bbcenter\u00a0\u00bb custom_padding=\u00a0\u00bb30px|30px|30px|30px\u00a0\u00bb animation_style=\u00a0\u00bbzoom\u00a0\u00bb border_width_all=\u00a0\u00bb0px\u00a0\u00bb border_color_all=\u00a0\u00bb#dddddd\u00a0\u00bb border_style_all=\u00a0\u00bbsolid\u00a0\u00bb use_border_color=\u00a0\u00bbon\u00a0\u00bb border_color=\u00a0\u00bb#dddddd\u00a0\u00bb]<\/p>\n<p><span>Kak\u00e9mono<br \/> Roll-up<br \/> Sticker<br \/> Calendrier<br \/> <\/span><\/p>\n<p>[\/et_pb_blurb][\/et_pb_column][\/et_pb_row][\/et_pb_section]<\/p>\n","protected":false},"excerpt":{"rendered":"<p>Nous r\u00e9alisons r\u00e9guli\u00e8rement diff\u00e9rents documents dans divers secteurs d&rsquo;activit\u00e9. De la conception \u00e0 la r\u00e9alisation d&rsquo;un logo, d&rsquo;une brochure &#8230;Logo PictoCarte de visiteMenu Flyer D\u00e9pliant Affiche Pochette Programme Pocket programme Kak\u00e9mono Roll-up Sticker Calendrier<\/p>\n","protected":false},"author":1,"featured_media":0,"parent":0,"menu_order":0,"comment_status":"closed","ping_status":"closed","template":"","meta":{"_et_pb_use_builder":"on","_et_pb_old_content":"","_et_gb_content_width":"","footnotes":""},"class_list":["post-40","page","type-page","status-publish","hentry"],"yoast_head":"<!-- This site is optimized with the Yoast SEO plugin v27.3 - https:\/\/yoast.com\/product\/yoast-seo-wordpress\/ -->\n<title>Print - Parenthese<\/title>\n<meta name=\"robots\" content=\"index, follow, max-snippet:-1, max-image-preview:large, max-video-preview:-1\" \/>\n<link rel=\"canonical\" href=\"https:\/\/www.parenthese.net\/index.php\/print\/\" \/>\n<meta property=\"og:locale\" content=\"fr_FR\" \/>\n<meta property=\"og:type\" content=\"article\" \/>\n<meta property=\"og:title\" content=\"Print - Parenthese\" \/>\n<meta property=\"og:description\" content=\"Nous r\u00e9alisons r\u00e9guli\u00e8rement diff\u00e9rents documents dans divers secteurs d&#039;activit\u00e9. De la conception \u00e0 la r\u00e9alisation d&#039;un logo, d&#039;une brochure ...Logo PictoCarte de visiteMenu Flyer D\u00e9pliant Affiche Pochette Programme Pocket programme Kak\u00e9mono Roll-up Sticker Calendrier\" \/>\n<meta property=\"og:url\" content=\"https:\/\/www.parenthese.net\/index.php\/print\/\" \/>\n<meta property=\"og:site_name\" content=\"Parenthese\" \/>\n<meta property=\"article:modified_time\" content=\"2020-06-21T17:30:02+00:00\" \/>\n<meta name=\"twitter:card\" content=\"summary_large_image\" \/>\n<meta name=\"twitter:label1\" content=\"Dur\u00e9e de lecture estim\u00e9e\" \/>\n\t<meta name=\"twitter:data1\" content=\"2 minutes\" \/>\n<script type=\"application\/ld+json\" class=\"yoast-schema-graph\">{\"@context\":\"https:\\\/\\\/schema.org\",\"@graph\":[{\"@type\":\"WebPage\",\"@id\":\"https:\\\/\\\/www.parenthese.net\\\/index.php\\\/print\\\/\",\"url\":\"https:\\\/\\\/www.parenthese.net\\\/index.php\\\/print\\\/\",\"name\":\"Print - Parenthese\",\"isPartOf\":{\"@id\":\"https:\\\/\\\/www.parenthese.net\\\/#website\"},\"datePublished\":\"2020-03-30T15:59:07+00:00\",\"dateModified\":\"2020-06-21T17:30:02+00:00\",\"breadcrumb\":{\"@id\":\"https:\\\/\\\/www.parenthese.net\\\/index.php\\\/print\\\/#breadcrumb\"},\"inLanguage\":\"fr-FR\",\"potentialAction\":[{\"@type\":\"ReadAction\",\"target\":[\"https:\\\/\\\/www.parenthese.net\\\/index.php\\\/print\\\/\"]}]},{\"@type\":\"BreadcrumbList\",\"@id\":\"https:\\\/\\\/www.parenthese.net\\\/index.php\\\/print\\\/#breadcrumb\",\"itemListElement\":[{\"@type\":\"ListItem\",\"position\":1,\"name\":\"Accueil\",\"item\":\"https:\\\/\\\/www.parenthese.net\\\/\"},{\"@type\":\"ListItem\",\"position\":2,\"name\":\"Print\"}]},{\"@type\":\"WebSite\",\"@id\":\"https:\\\/\\\/www.parenthese.net\\\/#website\",\"url\":\"https:\\\/\\\/www.parenthese.net\\\/\",\"name\":\"Parenthese\",\"description\":\"conseil - cr\u00e9ation &amp; design - print - web\",\"publisher\":{\"@id\":\"https:\\\/\\\/www.parenthese.net\\\/#organization\"},\"potentialAction\":[{\"@type\":\"SearchAction\",\"target\":{\"@type\":\"EntryPoint\",\"urlTemplate\":\"https:\\\/\\\/www.parenthese.net\\\/?s={search_term_string}\"},\"query-input\":{\"@type\":\"PropertyValueSpecification\",\"valueRequired\":true,\"valueName\":\"search_term_string\"}}],\"inLanguage\":\"fr-FR\"},{\"@type\":\"Organization\",\"@id\":\"https:\\\/\\\/www.parenthese.net\\\/#organization\",\"name\":\"PARENTHESE\",\"url\":\"https:\\\/\\\/www.parenthese.net\\\/\",\"logo\":{\"@type\":\"ImageObject\",\"inLanguage\":\"fr-FR\",\"@id\":\"https:\\\/\\\/www.parenthese.net\\\/#\\\/schema\\\/logo\\\/image\\\/\",\"url\":\"https:\\\/\\\/www.parenthese.net\\\/wp-content\\\/uploads\\\/2020\\\/03\\\/parenthese_logo-01.png\",\"contentUrl\":\"https:\\\/\\\/www.parenthese.net\\\/wp-content\\\/uploads\\\/2020\\\/03\\\/parenthese_logo-01.png\",\"width\":299,\"height\":60,\"caption\":\"PARENTHESE\"},\"image\":{\"@id\":\"https:\\\/\\\/www.parenthese.net\\\/#\\\/schema\\\/logo\\\/image\\\/\"}}]}<\/script>\n<!-- \/ Yoast SEO plugin. -->","yoast_head_json":{"title":"Print - Parenthese","robots":{"index":"index","follow":"follow","max-snippet":"max-snippet:-1","max-image-preview":"max-image-preview:large","max-video-preview":"max-video-preview:-1"},"canonical":"https:\/\/www.parenthese.net\/index.php\/print\/","og_locale":"fr_FR","og_type":"article","og_title":"Print - Parenthese","og_description":"Nous r\u00e9alisons r\u00e9guli\u00e8rement diff\u00e9rents documents dans divers secteurs d'activit\u00e9. De la conception \u00e0 la r\u00e9alisation d'un logo, d'une brochure ...Logo PictoCarte de visiteMenu Flyer D\u00e9pliant Affiche Pochette Programme Pocket programme Kak\u00e9mono Roll-up Sticker Calendrier","og_url":"https:\/\/www.parenthese.net\/index.php\/print\/","og_site_name":"Parenthese","article_modified_time":"2020-06-21T17:30:02+00:00","twitter_card":"summary_large_image","twitter_misc":{"Dur\u00e9e de lecture estim\u00e9e":"2 minutes"},"schema":{"@context":"https:\/\/schema.org","@graph":[{"@type":"WebPage","@id":"https:\/\/www.parenthese.net\/index.php\/print\/","url":"https:\/\/www.parenthese.net\/index.php\/print\/","name":"Print - Parenthese","isPartOf":{"@id":"https:\/\/www.parenthese.net\/#website"},"datePublished":"2020-03-30T15:59:07+00:00","dateModified":"2020-06-21T17:30:02+00:00","breadcrumb":{"@id":"https:\/\/www.parenthese.net\/index.php\/print\/#breadcrumb"},"inLanguage":"fr-FR","potentialAction":[{"@type":"ReadAction","target":["https:\/\/www.parenthese.net\/index.php\/print\/"]}]},{"@type":"BreadcrumbList","@id":"https:\/\/www.parenthese.net\/index.php\/print\/#breadcrumb","itemListElement":[{"@type":"ListItem","position":1,"name":"Accueil","item":"https:\/\/www.parenthese.net\/"},{"@type":"ListItem","position":2,"name":"Print"}]},{"@type":"WebSite","@id":"https:\/\/www.parenthese.net\/#website","url":"https:\/\/www.parenthese.net\/","name":"Parenthese","description":"conseil - cr\u00e9ation &amp; design - print - web","publisher":{"@id":"https:\/\/www.parenthese.net\/#organization"},"potentialAction":[{"@type":"SearchAction","target":{"@type":"EntryPoint","urlTemplate":"https:\/\/www.parenthese.net\/?s={search_term_string}"},"query-input":{"@type":"PropertyValueSpecification","valueRequired":true,"valueName":"search_term_string"}}],"inLanguage":"fr-FR"},{"@type":"Organization","@id":"https:\/\/www.parenthese.net\/#organization","name":"PARENTHESE","url":"https:\/\/www.parenthese.net\/","logo":{"@type":"ImageObject","inLanguage":"fr-FR","@id":"https:\/\/www.parenthese.net\/#\/schema\/logo\/image\/","url":"https:\/\/www.parenthese.net\/wp-content\/uploads\/2020\/03\/parenthese_logo-01.png","contentUrl":"https:\/\/www.parenthese.net\/wp-content\/uploads\/2020\/03\/parenthese_logo-01.png","width":299,"height":60,"caption":"PARENTHESE"},"image":{"@id":"https:\/\/www.parenthese.net\/#\/schema\/logo\/image\/"}}]}},"_links":{"self":[{"href":"https:\/\/www.parenthese.net\/index.php\/wp-json\/wp\/v2\/pages\/40","targetHints":{"allow":["GET"]}}],"collection":[{"href":"https:\/\/www.parenthese.net\/index.php\/wp-json\/wp\/v2\/pages"}],"about":[{"href":"https:\/\/www.parenthese.net\/index.php\/wp-json\/wp\/v2\/types\/page"}],"author":[{"embeddable":true,"href":"https:\/\/www.parenthese.net\/index.php\/wp-json\/wp\/v2\/users\/1"}],"replies":[{"embeddable":true,"href":"https:\/\/www.parenthese.net\/index.php\/wp-json\/wp\/v2\/comments?post=40"}],"version-history":[{"count":8,"href":"https:\/\/www.parenthese.net\/index.php\/wp-json\/wp\/v2\/pages\/40\/revisions"}],"predecessor-version":[{"id":141,"href":"https:\/\/www.parenthese.net\/index.php\/wp-json\/wp\/v2\/pages\/40\/revisions\/141"}],"wp:attachment":[{"href":"https:\/\/www.parenthese.net\/index.php\/wp-json\/wp\/v2\/media?parent=40"}],"curies":[{"name":"wp","href":"https:\/\/api.w.org\/{rel}","templated":true}]}}